{"id":1109,"date":"2021-02-22T16:45:31","date_gmt":"2021-02-22T15:45:31","guid":{"rendered":"http:\/\/stoork.pl\/cnc-fraesen\/"},"modified":"2021-02-22T16:45:31","modified_gmt":"2021-02-22T15:45:31","slug":"cnc-fraesen","status":"publish","type":"page","link":"https:\/\/stoork.pl\/de\/cnc-fraesen\/","title":{"rendered":"Cnc-fr\u00e4sen"},"content":{"rendered":"<p>[et_pb_section fb_built=&#8220;1&#8243; disabled_on=&#8220;on|on|off&#8220; module_class=&#8220;st-uslugi&#8220; _builder_version=&#8220;4.4.8&#8243; custom_margin=&#8220;0px||0px||false|false&#8220; custom_padding=&#8220;0px||0px||false|false&#8220; global_module=&#8220;276&#8243;][et_pb_row module_class=&#8220;nine-columns&#8220; _builder_version=&#8220;4.4.8&#8243; background_size=&#8220;initial&#8220; background_position=&#8220;top_left&#8220; background_repeat=&#8220;repeat&#8220; custom_margin=&#8220;0px||0px||false|false&#8220; custom_padding=&#8220;7px||0px||false|false&#8220;][et_pb_column type=&#8220;4_4&#8243; _builder_version=&#8220;4.4.8&#8243;][et_pb_blurb title=&#8220;Laserschneiden&#8220; image=&#8220;https:\/\/stoork.pl\/wp-content\/uploads\/2020\/10\/obszar-roboczy-2-kopia-8.png&#8220; image_max_width=&#8220;80px&#8220; content_max_width=&#8220;85px&#8220; _builder_version=&#8220;4.4.8&#8243; header_font=&#8220;Open Sans|600|||||||&#8220; header_font_size=&#8220;12px&#8220; body_font_size=&#8220;14px&#8220; text_orientation=&#8220;center&#8220; custom_margin=&#8220;||15px||false|false&#8220; link_option_url=&#8220;https:\/\/stoork.pl\/laserschneiden\/?lang=de&#8220; filter_opacity__hover_enabled=&#8220;on|hover&#8220; filter_opacity__hover=&#8220;60%&#8220;][\/et_pb_blurb][et_pb_blurb title=&#8220;Laserschneiden von rohren und profilen&#8220; image=&#8220;https:\/\/stoork.pl\/wp-content\/uploads\/2020\/10\/obszar-roboczy-2-kopia-7.png&#8220; image_max_width=&#8220;80px&#8220; content_max_width=&#8220;100px&#8220; _builder_version=&#8220;4.4.8&#8243; header_font=&#8220;Open Sans|600|||||||&#8220; header_font_size=&#8220;13px&#8220; body_font_size=&#8220;14px&#8220; text_orientation=&#8220;center&#8220; custom_margin=&#8220;||1px||false|false&#8220; link_option_url=&#8220;https:\/\/stoork.pl\/laserschneiden-von-rohren-und-profilen\/?lang=de&#8220; filter_opacity__hover=&#8220;60%&#8220; filter_opacity__hover_enabled=&#8220;on|hover&#8220;][\/et_pb_blurb][et_pb_blurb title=&#8220;Laserschweissen&#8220; image=&#8220;https:\/\/stoork.pl\/wp-content\/uploads\/2020\/10\/obszar-roboczy-2-kopia-6.png&#8220; image_max_width=&#8220;80px&#8220; content_max_width=&#8220;100px&#8220; _builder_version=&#8220;4.4.8&#8243; header_font=&#8220;Open Sans|600|||||||&#8220; header_font_size=&#8220;13px&#8220; body_font_size=&#8220;14px&#8220; text_orientation=&#8220;center&#8220; custom_margin=&#8220;||15px||false|false&#8220; link_option_url=&#8220;https:\/\/stoork.pl\/laserschweissen\/?lang=de&#8220; filter_opacity__hover=&#8220;60%&#8220; filter_opacity__hover_enabled=&#8220;on|hover&#8220;][\/et_pb_blurb][et_pb_blurb title=&#8220;Stanzen und schneiden&#8220; image=&#8220;https:\/\/stoork.pl\/wp-content\/uploads\/2020\/10\/obszar-roboczy-2-kopia-5.png&#8220; image_max_width=&#8220;80px&#8220; content_max_width=&#8220;100px&#8220; _builder_version=&#8220;4.4.8&#8243; header_font=&#8220;Open Sans|600|||||||&#8220; header_font_size=&#8220;13px&#8220; body_font_size=&#8220;14px&#8220; text_orientation=&#8220;center&#8220; custom_margin=&#8220;||15px||false|false&#8220; link_option_url=&#8220;https:\/\/stoork.pl\/wykrawanie-i-ciecie-blach\/&#8220; filter_opacity__hover=&#8220;60%&#8220; filter_opacity__hover_enabled=&#8220;on|hover&#8220;][\/et_pb_blurb][et_pb_blurb title=&#8220;Automatisches blechbiegen&#8220; image=&#8220;https:\/\/stoork.pl\/wp-content\/uploads\/2020\/09\/obszar-roboczy-2.png&#8220; image_max_width=&#8220;80px&#8220; content_max_width=&#8220;100px&#8220; _builder_version=&#8220;4.4.8&#8243; header_font=&#8220;Open Sans|600|||||||&#8220; header_font_size=&#8220;13px&#8220; body_font_size=&#8220;14px&#8220; text_orientation=&#8220;center&#8220; custom_margin=&#8220;||15px||false|false&#8220; link_option_url=&#8220;https:\/\/stoork.pl\/automatisches-blechbiegen\/?lang=de&#8220; filter_opacity__hover=&#8220;60%&#8220; filter_opacity__hover_enabled=&#8220;on|hover&#8220;][\/et_pb_blurb][et_pb_blurb title=&#8220;Blechbiegen&#8220; image=&#8220;https:\/\/stoork.pl\/wp-content\/uploads\/2020\/10\/obszar-roboczy-2-kopia.png&#8220; image_max_width=&#8220;80px&#8220; content_max_width=&#8220;100px&#8220; _builder_version=&#8220;4.4.8&#8243; header_font=&#8220;Open Sans|600|||||||&#8220; header_font_size=&#8220;13px&#8220; body_font_size=&#8220;14px&#8220; text_orientation=&#8220;center&#8220; custom_margin=&#8220;||15px||false|false&#8220; link_option_url=&#8220;https:\/\/stoork.pl\/automatycznie-zapisany-szkic-2\/&#8220; filter_opacity__hover=&#8220;60%&#8220; filter_opacity__hover_enabled=&#8220;on|hover&#8220;][\/et_pb_blurb][et_pb_blurb title=&#8220;CNC-fr\u00e4sen&#8220; image=&#8220;https:\/\/stoork.pl\/wp-content\/uploads\/2020\/10\/obszar-roboczy-2-kopia-2.png&#8220; image_max_width=&#8220;80px&#8220; content_max_width=&#8220;100px&#8220; _builder_version=&#8220;4.4.8&#8243; header_font=&#8220;Open Sans|600|||||||&#8220; header_font_size=&#8220;13px&#8220; body_font_size=&#8220;14px&#8220; text_orientation=&#8220;center&#8220; custom_margin=&#8220;||15px||false|false&#8220; link_option_url=&#8220;https:\/\/stoork.pl\/frezowanie-cnc\/&#8220; filter_opacity__hover=&#8220;60%&#8220; filter_opacity__hover_enabled=&#8220;on|hover&#8220;][\/et_pb_blurb][et_pb_blurb title=&#8220;Pulverbeschichten&#8220; image=&#8220;https:\/\/stoork.pl\/wp-content\/uploads\/2020\/10\/obszar-roboczy-2-kopia-3.png&#8220; image_max_width=&#8220;80px&#8220; content_max_width=&#8220;100px&#8220; _builder_version=&#8220;4.4.8&#8243; header_font=&#8220;Open Sans|600|||||||&#8220; header_font_size=&#8220;13px&#8220; body_font_size=&#8220;14px&#8220; text_orientation=&#8220;center&#8220; custom_margin=&#8220;||15px||false|false&#8220; link_option_url=&#8220;https:\/\/stoork.pl\/malowanie-proszkowe\/&#8220; filter_opacity__hover=&#8220;60%&#8220; filter_opacity__hover_enabled=&#8220;on|hover&#8220;][\/et_pb_blurb][et_pb_blurb title=&#8220;Laserkennzeichnen von einzelteilen&#8220; image=&#8220;https:\/\/stoork.pl\/wp-content\/uploads\/2020\/10\/obszar-roboczy-2-kopia-4.png&#8220; image_max_width=&#8220;80px&#8220; content_max_width=&#8220;115px&#8220; _builder_version=&#8220;4.4.8&#8243; header_font=&#8220;Open Sans|600|||||||&#8220; header_font_size=&#8220;13px&#8220; body_font_size=&#8220;14px&#8220; text_orientation=&#8220;center&#8220; custom_margin=&#8220;||15px||false|false&#8220; link_option_url=&#8220;https:\/\/stoork.pl\/automatycznie-zapisany-szkic-3\/&#8220; filter_opacity__hover=&#8220;60%&#8220; filter_opacity__hover_enabled=&#8220;on|hover&#8220;][\/et_pb_blurb][\/et_pb_column][\/et_pb_row][\/et_pb_section][et_pb_section fb_built=&#8220;1&#8243; fullwidth=&#8220;on&#8220; _builder_version=&#8220;4.4.8&#8243; top_divider_color=&#8220;#04252c&#8220; top_divider_height=&#8220;50px&#8220; bottom_divider_color=&#8220;#ffffff&#8220; bottom_divider_height=&#8220;45px&#8220; bottom_divider_repeat=&#8220;0x&#8220;][et_pb_fullwidth_slider arrows_custom_color=&#8220;#ffffff&#8220; dot_nav_custom_color=&#8220;#ffffff&#8220; _builder_version=&#8220;4.4.8&#8243; header_font_size=&#8220;62px&#8220; custom_button=&#8220;on&#8220; button_text_color=&#8220;#d9dedf&#8220; button_bg_color=&#8220;#04252c&#8220; button_border_width=&#8220;0px&#8220; button_border_radius=&#8220;0px&#8220; button_font=&#8220;Open Sans||||||||&#8220; button_icon=&#8220;%%3%%&#8220; button_icon_color=&#8220;#d9dedf&#8220; button_custom_padding=&#8220;1%|4%|1%|4%|false|false&#8220; min_height=&#8220;500px&#8220; custom_padding=&#8220;12%||10%||false|false&#8220; auto=&#8220;on&#8220; auto_speed=&#8220;5000&#8243; auto_ignore_hover=&#8220;on&#8220; header_text_shadow_style=&#8220;preset4&#8243; header_text_shadow_vertical_length=&#8220;0em&#8220; text_shadow_style=&#8220;preset4&#8243; text_shadow_vertical_length=&#8220;0em&#8220; button_custom_padding__hover_enabled=&#8220;on|hover&#8220; button_custom_padding__hover=&#8220;|6%|1%|6%|false|false&#8220;][et_pb_slide _builder_version=&#8220;4.4.8&#8243; header_level=&#8220;h2&#8243; body_text_align=&#8220;right&#8220; body_text_color=&#8220;#ffffff&#8220; body_font_size=&#8220;50px&#8220; body_line_height=&#8220;1.2em&#8220; background_image=&#8220;https:\/\/stoork.pl\/wp-content\/uploads\/2020\/11\/key993.1842-web2.jpg&#8220; background_enable_image=&#8220;on&#8220; parallax=&#8220;on&#8220; custom_button=&#8220;on&#8220; button_icon=&#8220;%%3%%&#8220; button_icon_color=&#8220;#d9dedf&#8220; button_on_hover=&#8220;on&#8220; button_alignment=&#8220;right&#8220; button_custom_padding=&#8220;2%|8%|2%|8%|false|false&#8220; text_orientation=&#8220;right&#8220; width=&#8220;100%&#8220; max_width=&#8220;79%&#8220; custom_padding=&#8220;|0px|||false|false&#8220; text_shadow_style=&#8220;preset4&#8243; text_shadow_vertical_length=&#8220;0em&#8220; button_custom_padding__hover_enabled=&#8220;on|hover&#8220; button_custom_padding__hover=&#8220;2%|10%|2%|10%|false|false&#8220;][\/et_pb_slide][\/et_pb_fullwidth_slider][\/et_pb_section][et_pb_section fb_built=&#8220;1&#8243; _builder_version=&#8220;4.4.8&#8243;][et_pb_row column_structure=&#8220;1_2,1_2&#8243; use_custom_gutter=&#8220;on&#8220; gutter_width=&#8220;2&#8243; _builder_version=&#8220;4.4.8&#8243; width=&#8220;90%&#8220; max_width=&#8220;90%&#8220;][et_pb_column type=&#8220;1_2&#8243; _builder_version=&#8220;4.4.8&#8243;][et_pb_blurb title=&#8220;CNC-fr\u00e4sen&#8220; image=&#8220;https:\/\/stoork.pl\/wp-content\/uploads\/2020\/10\/obszar-roboczy-2-kopia-2.png&#8220; content_max_width=&#8220;500px&#8220; _builder_version=&#8220;4.4.8&#8243; header_level=&#8220;h3&#8243; header_font=&#8220;Open Sans|700|||||||&#8220; header_font_size=&#8220;51px&#8220; body_font=&#8220;Open Sans||||||||&#8220; body_text_color=&#8220;#04252c&#8220; body_font_size=&#8220;28px&#8220; body_line_height=&#8220;1.4em&#8220; text_orientation=&#8220;center&#8220; hover_enabled=&#8220;0&#8243; header_font_size_last_edited=&#8220;on|phone&#8220; header_font_size_phone=&#8220;44px&#8220; body_font_size_last_edited=&#8220;on|phone&#8220; body_font_size_phone=&#8220;26px&#8220;]Dienstleistung im bereich des fr\u00e4sens Auf 5-achse- Fr\u00e4szentrum[\/et_pb_blurb][\/et_pb_column][et_pb_column type=&#8220;1_2&#8243; _builder_version=&#8220;4.4.8&#8243;][et_pb_text _builder_version=&#8220;4.4.8&#8243; text_font=&#8220;Open Sans||||||||&#8220; text_font_size=&#8220;18px&#8220; text_line_height=&#8220;1.8em&#8220;]<\/p>\n<p>Die auf dem 5-Achse-Fr\u00e4szentrum der Firma DMG MORI realisierte Dienstleistung im Bereich des Fr\u00e4sens sichert h\u00f6chste Bearbeitungspr\u00e4zision auf der Fl\u00e4che von 2,6 m. Dank gr\u00f6\u00dfter Genauigkeit, die wir auf dem Model DMF 260 erzielen, k\u00f6nnen wir Pr\u00e4zisionsarbeiten f\u00fcr die Automobile-, Maschinen-, Luftfahrt-, Werkzeugindustrie oder Formproduktion ausf\u00fchren.<\/p>\n<p>Die Nutzung der geteilten Arbeitsfl\u00e4che und innovativen L\u00f6sungen im Bereich der Befestigung von Einzelteilen erm\u00f6glicht, Gro\u00dfreihen zu bearbeiten und kleinere Auftr\u00e4ge flexibel zu realisieren. Die Elektrospindel mit dem Antrieb von 18000 Dreh. \/ min. erlaubt, mit verschiedenen Werkstoffen, von Konstruktionsstahl, Edelstahl Stahl bis Aluminium, zu arbeiten.<\/p>\n<p>[\/et_pb_text][\/et_pb_column][\/et_pb_row][\/et_pb_section][et_pb_section fb_built=&#8220;1&#8243; _builder_version=&#8220;4.4.8&#8243; custom_margin=&#8220;0px||||false|false&#8220; custom_padding=&#8220;0px||||false|false&#8220;][et_pb_row column_structure=&#8220;1_3,1_3,1_3&#8243; use_custom_gutter=&#8220;on&#8220; gutter_width=&#8220;2&#8243; make_equal=&#8220;on&#8220; _builder_version=&#8220;4.4.8&#8243; width=&#8220;90%&#8220; max_width=&#8220;90%&#8220; custom_padding=&#8220;||1.5%||false|false&#8220; hover_enabled=&#8220;0&#8243; gutter_width__hover_enabled=&#8220;off|desktop&#8220; custom_padding_last_edited=&#8220;on|phone&#8220; custom_padding_phone=&#8220;||3%||false|false&#8220;][et_pb_column type=&#8220;1_3&#8243; _builder_version=&#8220;4.4.8&#8243; background_image=&#8220;https:\/\/stoork.pl\/wp-content\/uploads\/2020\/10\/img_6485-1-scaled.jpg&#8220; custom_padding=&#8220;100px||100px||false|false&#8220; border_radii=&#8220;on|15px|15px|15px|15px&#8220;][et_pb_text _builder_version=&#8220;4.4.8&#8243;][\/et_pb_text][\/et_pb_column][et_pb_column type=&#8220;1_3&#8243; _builder_version=&#8220;4.4.8&#8243; background_image=&#8220;https:\/\/stoork.pl\/wp-content\/uploads\/2020\/10\/hydraulic-valve-1-scaled.jpg&#8220; custom_padding=&#8220;100px||100px||false|false&#8220; border_radii=&#8220;on|15px|15px|15px|15px&#8220;][et_pb_text _builder_version=&#8220;4.4.8&#8243;][\/et_pb_text][\/et_pb_column][et_pb_column type=&#8220;1_3&#8243; _builder_version=&#8220;4.4.8&#8243; background_color=&#8220;#f4f4f4&#8243; custom_padding=&#8220;3%|4%|3%|4%|false|false&#8220; border_radii=&#8220;on|15px|15px|15px|15px&#8220;][et_pb_text _builder_version=&#8220;4.4.8&#8243; header_3_font=&#8220;Open Sans|700|||||||&#8220; header_3_font_size=&#8220;34px&#8220; header_3_line_height=&#8220;1.4em&#8220; header_4_font=&#8220;Open Sans|700|||||||&#8220; header_4_font_size=&#8220;23px&#8220; header_4_line_height=&#8220;1.5em&#8220;]<\/p>\n<h4>Dienstleistung im bereich des fr\u00e4sens Auf 5-achse- Fr\u00e4szentrum<\/h4>\n<p>[\/et_pb_text][et_pb_divider _builder_version=&#8220;4.4.8&#8243;][\/et_pb_divider][et_pb_text _builder_version=&#8220;4.4.8&#8243;]<\/p>\n<div class=\"page\" title=\"Page 9\">\n<div class=\"section\">\n<div class=\"layoutArea\">\n<div class=\"column\">\n<ul>\n<li>Bearbeitungsfl\u00e4che in X-Achse \u2013 <strong>2600 mm<\/strong><\/li>\n<li>Bearbeitungsfl\u00e4che in Y-Achse \u2013 <strong>700 mm<\/strong><\/li>\n<li>Bearbeitungsfl\u00e4che in Z-Achse \u2013 <strong>700 mm<\/strong><\/li>\n<\/ul>\n<\/div>\n<\/div>\n<\/div>\n<\/div>\n<p>[\/et_pb_text][\/et_pb_column][\/et_pb_row][et_pb_row column_structure=&#8220;1_3,2_3&#8243; use_custom_gutter=&#8220;on&#8220; gutter_width=&#8220;2&#8243; make_equal=&#8220;on&#8220; _builder_version=&#8220;4.4.8&#8243; width=&#8220;90%&#8220; max_width=&#8220;90%&#8220; custom_padding=&#8220;1.5%||||false|false&#8220; hover_enabled=&#8220;0&#8243; custom_padding_last_edited=&#8220;on|phone&#8220; custom_padding_phone=&#8220;3%||||false|false&#8220;][et_pb_column type=&#8220;1_3&#8243; _builder_version=&#8220;4.4.8&#8243; background_color=&#8220;#f4f4f4&#8243; custom_padding=&#8220;3%|4%|3%|4%|false|false&#8220; border_radii=&#8220;on|15px|15px|15px|15px&#8220;][et_pb_text _builder_version=&#8220;4.4.8&#8243; header_3_font=&#8220;Open Sans|700|||||||&#8220; header_3_font_size=&#8220;34px&#8220; header_3_line_height=&#8220;1.4em&#8220; header_4_font=&#8220;Open Sans|700|||||||&#8220; header_4_font_size=&#8220;23px&#8220; header_4_line_height=&#8220;1.5em&#8220;]<\/p>\n<h3>DMG Mori DMF 260<\/h3>\n<p>MaschInenmodell[\/et_pb_text][et_pb_divider show_divider=&#8220;off&#8220; _builder_version=&#8220;4.4.8&#8243; min_height=&#8220;100px&#8220; hover_enabled=&#8220;0&#8243; min_height_last_edited=&#8220;on|phone&#8220; min_height_phone=&#8220;10px&#8220;][\/et_pb_divider][et_pb_number_counter title=&#8220;Drehgeschwindigkeit (obr\/min)&#8220; number=&#8220;18000&#8243; percent_sign=&#8220;off&#8220; _builder_version=&#8220;4.4.8&#8243; title_font=&#8220;Open Sans||||||||&#8220; title_font_size=&#8220;16px&#8220; title_line_height=&#8220;1.4em&#8220; number_font_size=&#8220;41px&#8220; text_orientation=&#8220;right&#8220; max_width=&#8220;68%&#8220; module_alignment=&#8220;right&#8220;][\/et_pb_number_counter][\/et_pb_column][et_pb_column type=&#8220;2_3&#8243; _builder_version=&#8220;4.4.8&#8243; background_image=&#8220;https:\/\/stoork.pl\/wp-content\/uploads\/2020\/10\/dmf260_lin_off-3.jpg&#8220; custom_padding=&#8220;100px||100px||false|false&#8220; border_radii=&#8220;on|15px|15px|15px|15px&#8220;][et_pb_text _builder_version=&#8220;4.4.8&#8243; locked=&#8220;off&#8220;][\/et_pb_text][\/et_pb_column][\/et_pb_row][\/et_pb_section][et_pb_section fb_built=&#8220;1&#8243; _builder_version=&#8220;4.4.8&#8243; background_color=&#8220;#f4f4f4&#8243; custom_padding=&#8220;1%||2%||false|false&#8220; global_module=&#8220;475&#8243;][et_pb_row column_structure=&#8220;1_6,1_6,1_6,1_6,1_6,1_6&#8243; use_custom_gutter=&#8220;on&#8220; gutter_width=&#8220;2&#8243; _builder_version=&#8220;4.4.8&#8243; background_enable_color=&#8220;off&#8220; width=&#8220;90%&#8220; max_width=&#8220;100%&#8220;][et_pb_column type=&#8220;1_6&#8243; _builder_version=&#8220;3.25&#8243; custom_padding=&#8220;|||&#8220; custom_padding__hover=&#8220;|||&#8220;][et_pb_blurb title=&#8220;Laserschneiden&#8220; image=&#8220;https:\/\/stoork.pl\/wp-content\/uploads\/2020\/10\/obszar-roboczy-2-kopia-9.png&#8220; icon_placement=&#8220;left&#8220; image_max_width=&#8220;90px&#8220; _builder_version=&#8220;4.4.8&#8243; header_font=&#8220;Open Sans|300|||||||&#8220; body_font=&#8220;Open Sans|700|||||||&#8220; body_text_color=&#8220;#04252c&#8220; width=&#8220;100%&#8220; link_option_url=&#8220;https:\/\/stoork.pl\/laserschneiden\/?lang=de&#8220; filter_opacity__hover_enabled=&#8220;on|hover&#8220; filter_opacity__hover=&#8220;50%&#8220;]<\/p>\n<p>10 kW<\/p>\n<p>[\/et_pb_blurb][\/et_pb_column][et_pb_column type=&#8220;1_6&#8243; _builder_version=&#8220;3.25&#8243; custom_padding=&#8220;|||&#8220; custom_padding__hover=&#8220;|||&#8220;][et_pb_blurb title=&#8220;Laserschneiden von rohren und profilen&#8220; image=&#8220;https:\/\/stoork.pl\/wp-content\/uploads\/2020\/10\/obszar-roboczy-2-kopia-10.png&#8220; icon_placement=&#8220;left&#8220; image_max_width=&#8220;90px&#8220; _builder_version=&#8220;4.4.8&#8243; header_font=&#8220;Open Sans|300|||||||&#8220; body_font=&#8220;Open Sans|700|||||||&#8220; body_text_color=&#8220;#04252c&#8220; width=&#8220;100%&#8220; link_option_url=&#8220;https:\/\/stoork.pl\/laserschneiden-von-rohren-und-profilen\/?lang=de&#8220;][\/et_pb_blurb][\/et_pb_column][et_pb_column type=&#8220;1_6&#8243; _builder_version=&#8220;3.25&#8243; custom_padding=&#8220;|||&#8220; custom_padding__hover=&#8220;|||&#8220;][et_pb_blurb title=&#8220;Laserschweissen&#8220; image=&#8220;https:\/\/stoork.pl\/wp-content\/uploads\/2020\/10\/obszar-roboczy-2-kopia-11.png&#8220; icon_placement=&#8220;left&#8220; image_max_width=&#8220;90px&#8220; _builder_version=&#8220;4.4.8&#8243; header_font=&#8220;Open Sans|300|||||||&#8220; body_font=&#8220;Open Sans|700|||||||&#8220; body_text_color=&#8220;#04252c&#8220; width=&#8220;100%&#8220; link_option_url=&#8220;https:\/\/stoork.pl\/laserschweissen\/?lang=de&#8220; filter_opacity__hover_enabled=&#8220;on|hover&#8220; filter_opacity__hover=&#8220;50%&#8220;][\/et_pb_blurb][\/et_pb_column][et_pb_column type=&#8220;1_6&#8243; _builder_version=&#8220;3.25&#8243; custom_padding=&#8220;|||&#8220; custom_padding__hover=&#8220;|||&#8220;][et_pb_blurb title=&#8220;Stanzen und schneiden&#8220; image=&#8220;https:\/\/stoork.pl\/wp-content\/uploads\/2020\/10\/obszar-roboczy-2-kopia-5.png&#8220; icon_placement=&#8220;left&#8220; image_max_width=&#8220;90px&#8220; _builder_version=&#8220;4.4.8&#8243; header_font=&#8220;Open Sans|300|||||||&#8220; body_font=&#8220;Open Sans|700|||||||&#8220; body_text_color=&#8220;#04252c&#8220; width=&#8220;100%&#8220; link_option_url=&#8220;https:\/\/stoork.pl\/wykrawanie-i-ciecie-blach\/&#8220;][\/et_pb_blurb][\/et_pb_column][et_pb_column type=&#8220;1_6&#8243; _builder_version=&#8220;3.25&#8243; custom_padding=&#8220;|||&#8220; custom_padding__hover=&#8220;|||&#8220;][et_pb_blurb title=&#8220;Automatisches blechbiegen&#8220; image=&#8220;https:\/\/stoork.pl\/wp-content\/uploads\/2020\/10\/obszar-roboczy-2.png&#8220; icon_placement=&#8220;left&#8220; image_max_width=&#8220;90px&#8220; _builder_version=&#8220;4.4.8&#8243; header_font=&#8220;Open Sans|300|||||||&#8220; body_font=&#8220;Open Sans|700|||||||&#8220; body_text_color=&#8220;#04252c&#8220; width=&#8220;100%&#8220; link_option_url=&#8220;https:\/\/stoork.pl\/automatisches-blechbiegen\/?lang=de&#8220; filter_opacity__hover_enabled=&#8220;on|hover&#8220; filter_opacity__hover=&#8220;50%&#8220;][\/et_pb_blurb][\/et_pb_column][et_pb_column type=&#8220;1_6&#8243; _builder_version=&#8220;3.25&#8243; custom_padding=&#8220;|||&#8220; custom_padding__hover=&#8220;|||&#8220;][et_pb_blurb title=&#8220;Pulverbeschichten&#8220; image=&#8220;https:\/\/stoork.pl\/wp-content\/uploads\/2020\/10\/obszar-roboczy-2-kopia-3.png&#8220; icon_placement=&#8220;left&#8220; image_max_width=&#8220;90px&#8220; _builder_version=&#8220;4.4.8&#8243; header_font=&#8220;Open Sans|300|||||||&#8220; body_font=&#8220;Open Sans|700|||||||&#8220; body_text_color=&#8220;#04252c&#8220; width=&#8220;100%&#8220; link_option_url=&#8220;https:\/\/stoork.pl\/malowanie-proszkowe\/&#8220;][\/et_pb_blurb][\/et_pb_column][\/et_pb_row][\/et_pb_section][et_pb_section fb_built=&#8220;1&#8243; prev_background_color=&#8220;#f4f4f4&#8243; _builder_version=&#8220;4.4.8&#8243; background_color=&#8220;#04252c&#8220; background_image=&#8220;https:\/\/stoork.pl\/wp-content\/uploads\/2020\/09\/big-rgb-t_5593_wm-2-1.jpg&#8220; parallax=&#8220;on&#8220; custom_margin=&#8220;||||false|false&#8220; custom_padding=&#8220;7%||6%||false|false&#8220; top_divider_style=&#8220;mountains&#8220; top_divider_height=&#8220;40px&#8220; top_divider_repeat=&#8220;0x&#8220; background_last_edited=&#8220;on|phone&#8220; parallax_phone=&#8220;off&#8220; background_size_phone=&#8220;initial&#8220; background_position_phone=&#8220;center&#8220; global_module=&#8220;488&#8243; saved_tabs=&#8220;all&#8220;][et_pb_row column_structure=&#8220;2_3,1_3&#8243; _builder_version=&#8220;4.4.8&#8243; width=&#8220;90%&#8220; max_width=&#8220;100%&#8220;][et_pb_column type=&#8220;2_3&#8243; _builder_version=&#8220;4.4.8&#8243;][et_pb_blurb title=&#8220;Pdf katalog&#8220; use_icon=&#8220;on&#8220; font_icon=&#8220;%%266%%&#8220; icon_color=&#8220;rgba(255,255,255,0.86)&#8220; use_circle=&#8220;on&#8220; circle_color=&#8220;rgba(0,0,0,0)&#8220; use_circle_border=&#8220;on&#8220; circle_border_color=&#8220;rgba(255,255,255,0.86)&#8220; icon_placement=&#8220;left&#8220; use_icon_font_size=&#8220;on&#8220; icon_font_size=&#8220;22px&#8220; icon_placement_tablet=&#8220;&#8220; icon_placement_phone=&#8220;top&#8220; icon_placement_last_edited=&#8220;on|phone&#8220; content_max_width_tablet=&#8220;&#8220; content_max_width_phone=&#8220;253px&#8220; content_max_width_last_edited=&#8220;on|phone&#8220; _builder_version=&#8220;4.4.8&#8243; header_font_size=&#8220;33px&#8220; background_layout=&#8220;dark&#8220; text_orientation_tablet=&#8220;&#8220; text_orientation_phone=&#8220;center&#8220; text_orientation_last_edited=&#8220;on|phone&#8220; module_alignment_tablet=&#8220;&#8220; module_alignment_phone=&#8220;&#8220; module_alignment_last_edited=&#8220;on|phone&#8220;]Download pdf katalog[\/et_pb_blurb][\/et_pb_column][et_pb_column type=&#8220;1_3&#8243; _builder_version=&#8220;4.4.8&#8243;][et_pb_button button_url=&#8220;https:\/\/stoork.pl\/wp-content\/uploads\/2020\/10\/stoork-broszura-2019-pl-web.pdf&#8220; button_text=&#8220;Download pdf katalog&#8220; button_alignment_tablet=&#8220;&#8220; button_alignment_phone=&#8220;center&#8220; button_alignment_last_edited=&#8220;on|phone&#8220; _builder_version=&#8220;4.4.8&#8243; custom_button=&#8220;on&#8220; button_bg_color=&#8220;#ffffff&#8220; button_border_width=&#8220;0px&#8220; button_border_radius=&#8220;0px&#8220; button_icon=&#8220;%%266%%&#8220; custom_padding=&#8220;4%|8%|4%|8%|false|false&#8220; custom_padding__hover_enabled=&#8220;on|hover&#8220; custom_padding__hover=&#8220;|12%||12%|false|false&#8220;][\/et_pb_button][\/et_pb_column][\/et_pb_row][\/et_pb_section]<\/p>\n","protected":false},"excerpt":{"rendered":"<p>[et_pb_section fb_built=&#8220;1&#8243; disabled_on=&#8220;on|on|off&#8220; module_class=&#8220;st-uslugi&#8220; _builder_version=&#8220;4.4.8&#8243; custom_margin=&#8220;0px||0px||false|false&#8220; custom_padding=&#8220;0px||0px||false|false&#8220; global_module=&#8220;276&#8243;][et_pb_row module_class=&#8220;nine-columns&#8220; _builder_version=&#8220;4.4.8&#8243; background_size=&#8220;initial&#8220; background_position=&#8220;top_left&#8220; background_repeat=&#8220;repeat&#8220; custom_margin=&#8220;0px||0px||false|false&#8220; custom_padding=&#8220;7px||0px||false|false&#8220;][et_pb_column type=&#8220;4_4&#8243; _builder_version=&#8220;4.4.8&#8243;][et_pb_blurb title=&#8220;Laserschneiden&#8220; image=&#8220;https:\/\/stoork.pl\/wp-content\/uploads\/2020\/10\/obszar-roboczy-2-kopia-8.png&#8220; image_max_width=&#8220;80px&#8220; content_max_width=&#8220;85px&#8220; _builder_version=&#8220;4.4.8&#8243; header_font=&#8220;Open Sans|600|||||||&#8220; header_font_size=&#8220;12px&#8220; body_font_size=&#8220;14px&#8220; text_orientation=&#8220;center&#8220; custom_margin=&#8220;||15px||false|false&#8220; link_option_url=&#8220;https:\/\/stoork.pl\/laserschneiden\/?lang=de&#8220; filter_opacity__hover_enabled=&#8220;on|hover&#8220; filter_opacity__hover=&#8220;60%&#8220;][\/et_pb_blurb][et_pb_blurb title=&#8220;Laserschneiden von rohren und profilen&#8220; image=&#8220;https:\/\/stoork.pl\/wp-content\/uploads\/2020\/10\/obszar-roboczy-2-kopia-7.png&#8220; image_max_width=&#8220;80px&#8220; content_max_width=&#8220;100px&#8220; _builder_version=&#8220;4.4.8&#8243; header_font=&#8220;Open Sans|600|||||||&#8220; header_font_size=&#8220;13px&#8220; body_font_size=&#8220;14px&#8220; text_orientation=&#8220;center&#8220; custom_margin=&#8220;||1px||false|false&#8220; link_option_url=&#8220;https:\/\/stoork.pl\/laserschneiden-von-rohren-und-profilen\/?lang=de&#8220; filter_opacity__hover=&#8220;60%&#8220; filter_opacity__hover_enabled=&#8220;on|hover&#8220;][\/et_pb_blurb][et_pb_blurb title=&#8220;Laserschweissen&#8220; image=&#8220;https:\/\/stoork.pl\/wp-content\/uploads\/2020\/10\/obszar-roboczy-2-kopia-6.png&#8220; image_max_width=&#8220;80px&#8220; content_max_width=&#8220;100px&#8220; _builder_version=&#8220;4.4.8&#8243; header_font=&#8220;Open [&hellip;]<\/p>\n","protected":false},"author":2,"featured_media":0,"parent":0,"menu_order":0,"comment_status":"closed","ping_status":"closed","template":"","meta":{"_et_pb_use_builder":"on","_et_pb_old_content":"","_et_gb_content_width":""},"_links":{"self":[{"href":"https:\/\/stoork.pl\/de\/wp-json\/wp\/v2\/pages\/1109"}],"collection":[{"href":"https:\/\/stoork.pl\/de\/wp-json\/wp\/v2\/pages"}],"about":[{"href":"https:\/\/stoork.pl\/de\/wp-json\/wp\/v2\/types\/page"}],"author":[{"embeddable":true,"href":"https:\/\/stoork.pl\/de\/wp-json\/wp\/v2\/users\/2"}],"replies":[{"embeddable":true,"href":"https:\/\/stoork.pl\/de\/wp-json\/wp\/v2\/comments?post=1109"}],"version-history":[{"count":2,"href":"https:\/\/stoork.pl\/de\/wp-json\/wp\/v2\/pages\/1109\/revisions"}],"predecessor-version":[{"id":1112,"href":"https:\/\/stoork.pl\/de\/wp-json\/wp\/v2\/pages\/1109\/revisions\/1112"}],"wp:attachment":[{"href":"https:\/\/stoork.pl\/de\/wp-json\/wp\/v2\/media?parent=1109"}],"curies":[{"name":"wp","href":"https:\/\/api.w.org\/{rel}","templated":true}]}}